{"id":62,"date":"2022-11-10T12:03:16","date_gmt":"2022-11-10T12:03:16","guid":{"rendered":"https:\/\/aresca.eu\/?page_id=62"},"modified":"2024-05-22T09:11:40","modified_gmt":"2024-05-22T09:11:40","slug":"sobre-nosaltres","status":"publish","type":"page","link":"https:\/\/aresca.eu\/esp\/sobre-nosotros\/","title":{"rendered":"Sobre nosotros"},"content":{"rendered":"<p>[et_pb_section fb_built=&#8221;1&#8243; _builder_version=&#8221;4.17.1&#8243; _module_preset=&#8221;default&#8221; background_image=&#8221;https:\/\/aresca.eu\/wp-content\/uploads\/2023\/03\/fruites-tallades-scaled.jpeg&#8221; parallax=&#8221;on&#8221; height=&#8221;50vh&#8221; custom_margin=&#8221;-100px||||false|false&#8221; global_colors_info=&#8221;{}&#8221;][et_pb_row _builder_version=&#8221;4.17.1&#8243; _module_preset=&#8221;default&#8221; max_width=&#8221;1300px&#8221; height=&#8221;100%&#8221; custom_css_main_element=&#8221;display: flex;||flex-direction: column;||justify-content: center;&#8221; global_colors_info=&#8221;{}&#8221;][et_pb_column type=&#8221;4_4&#8243; _builder_version=&#8221;4.17.1&#8243; _module_preset=&#8221;default&#8221; global_colors_info=&#8221;{}&#8221;][et_pb_text _builder_version=&#8221;4.21.0&#8243; _module_preset=&#8221;default&#8221; text_font=&#8221;Poppins|||on|||||&#8221; text_text_color=&#8221;#000000&#8243; text_font_size=&#8221;22px&#8221; header_font=&#8221;Raleway|800||on|||||&#8221; header_text_color=&#8221;#000000&#8243; header_font_size=&#8221;60px&#8221; global_colors_info=&#8221;{}&#8221;]<\/p>\n<h1><span style=\"font-weight: 100;\">Somos<\/span> Aresca<\/h1>\n<p>Descobreix els nostres or\u00edgens[\/et_pb_text][\/et_pb_column][\/et_pb_row][\/et_pb_section][et_pb_section fb_built=&#8221;1&#8243; _builder_version=&#8221;4.17.1&#8243; _module_preset=&#8221;default&#8221; global_colors_info=&#8221;{}&#8221;][et_pb_row _builder_version=&#8221;4.21.0&#8243; _module_preset=&#8221;default&#8221; transform_scale_tablet=&#8221;&#8221; transform_scale_phone=&#8221;&#8221; transform_scale_last_edited=&#8221;on|desktop&#8221; transform_translate=&#8221;-150px|0px&#8221; transform_translate_tablet=&#8221;-150px|0px&#8221; transform_translate_phone=&#8221;0px|0px&#8221; transform_translate_last_edited=&#8221;on|phone&#8221; transform_translate_linked=&#8221;off&#8221; transform_rotate_tablet=&#8221;&#8221; transform_rotate_phone=&#8221;&#8221; transform_rotate_last_edited=&#8221;on|desktop&#8221; transform_skew_tablet=&#8221;&#8221; transform_skew_phone=&#8221;&#8221; transform_skew_last_edited=&#8221;on|desktop&#8221; transform_origin_tablet=&#8221;&#8221; transform_origin_phone=&#8221;&#8221; transform_origin_last_edited=&#8221;on|desktop&#8221; transform_styles_last_edited=&#8221;on|phone&#8221; max_width=&#8221;800px&#8221; module_alignment=&#8221;center&#8221; transform_styles_tablet=&#8221;&#8221; transform_styles_phone=&#8221;&#8221; global_colors_info=&#8221;{}&#8221;][et_pb_column type=&#8221;4_4&#8243; _builder_version=&#8221;4.17.1&#8243; _module_preset=&#8221;default&#8221; global_colors_info=&#8221;{}&#8221;][et_pb_text content_tablet=&#8221;<\/p>\n<h2><span style=\"%22font-size:\" 40px; text-transform: uppercase; font-weight: 100; color: #333;%22>C\u00f3mo Aresca se ha convertido<\/span><br \/>\n en lo que es hoy<\/h2>\n<p>&#8221; content_phone=&#8221;<\/p>\n<h2><span style=\"%22font-size:\" 35px; text-transform: uppercase; font-weight: 100; color: #333;%22>C\u00f3mo Aresca se ha convertido<\/span><br \/>\n en lo que es hoy<\/h2>\n<p>&#8221; content_last_edited=&#8221;on|phone&#8221; _builder_version=&#8221;4.21.0&#8243; _module_preset=&#8221;default&#8221; header_font=&#8221;Raleway|800||on|||||&#8221; header_text_color=&#8221;#000000&#8243; header_font_size=&#8221;60px&#8221; header_2_font=&#8221;Raleway|800||on|||||&#8221; header_2_text_color=&#8221;#000000&#8243; header_2_font_size=&#8221;40px&#8221; global_colors_info=&#8221;{}&#8221;]<\/p>\n<h2><span style=\"font-size: 40px; text-transform: uppercase; font-weight: 100; color: #333;\">C\u00f3mo Aresca se ha convertido<\/span><br \/>\n en lo que es hoy<\/h2>\n<p>[\/et_pb_text][et_pb_text _builder_version=&#8221;4.21.0&#8243; _module_preset=&#8221;default&#8221; text_font=&#8221;Nunito Sans||||||||&#8221; text_font_size=&#8221;16px&#8221; global_colors_info=&#8221;{}&#8221;]<\/p>\n<p><strong>Aresca Fruits SL, es una empresa importadora y exportadora de frutas y hortalizas<\/strong>, compra y venta, comercializaci\u00f3n, distribuci\u00f3n y representaci\u00f3n al por mayor, ubicada en Mercabarna, perteneciente al mercado central y las empresas hortofrut\u00edcolas de la ZAC, en Barcelona.<\/p>\n<p>Gracias a un suministro local e internacional, <strong>ofrecemos a nuestros clientes una extraordinaria gama de verduras frescas de alta calidad<\/strong>. Estamos estableciendo asociaciones s\u00f3lidas con algunos de los m\u00e1s experimentados productores del mundo. Nos beneficiamos de una experiencia y un conocimiento incomparables en la entrega de todas las l\u00edneas de productos principales.<\/p>\n<p>Aresca Fruits S.L. trabaja con los mejores productores del mundo para beneficiarse de las mejores variedades y proporcionar a sus clientes fruta de alta calidad. Somos expertos en productos \"maduros y listos para comer\", generando un crecimiento significativo en esta categor\u00eda.<\/p>\n<p>Actualmente, <strong>Aresca Fruits SL tiene 4 puestos de venta<\/strong>, en dos pabellones principales, (B y C), un almac\u00e9n con 700 m2 de frigor\u00edfico, y 300 m2 de oficinas.<\/p>\n<p><strong>En Espa\u00f1a tiene una flota de 8 trailers<\/strong> que trabajan exclusivamente para nuestro grupo y <strong>su \u00faltima facturaci\u00f3n en tan s\u00f3lo 4 a\u00f1os presentes en este mercado ha ascendido a 14 millones de euros.<\/strong><\/p>\n<p>En Italia, aparte de las numerosas colaboraciones con diversas empresas, <strong>Aresca Fruits SL cuenta con 150 hect\u00e1reas plantadas exclusivamente para nosotros.<\/strong><\/p>\n<p>Cuatro paradas en Cerde\u00f1a del Norte, y una parada reci\u00e9n estrenada en mayo en el Sur.<\/p>\n<p>Aresca Fruits S.L. acaba de adquirir y rehabilitar un almac\u00e9n con 750 m2 de frigor\u00edfico, con instalaciones totalmente nuevas.<\/p>\n<p><strong>Todas las empresas cuentan con 40 empleados y una facturaci\u00f3n de grupo de 25 millones de euros.<\/strong><\/p>\n<p>[\/et_pb_text][\/et_pb_column][\/et_pb_row][\/et_pb_section][et_pb_section fb_built=&#8221;1&#8243; _builder_version=&#8221;4.17.1&#8243; _module_preset=&#8221;default&#8221; global_colors_info=&#8221;{}&#8221;][et_pb_row column_structure=&#8221;2_5,3_5&#8243; _builder_version=&#8221;4.25.1&#8243; _module_preset=&#8221;default&#8221; max_width=&#8221;1300px&#8221; hover_enabled=&#8221;0&#8243; global_colors_info=&#8221;{}&#8221; sticky_enabled=&#8221;0&#8243;][et_pb_column type=&#8221;2_5&#8243; _builder_version=&#8221;4.17.1&#8243; _module_preset=&#8221;default&#8221; global_colors_info=&#8221;{}&#8221;][et_pb_text _builder_version=&#8221;4.21.0&#8243; _module_preset=&#8221;default&#8221; header_font=&#8221;Raleway|800||on|||||&#8221; header_text_color=&#8221;#000000&#8243; header_font_size=&#8221;60px&#8221; header_2_font=&#8221;Raleway|800||on|||||&#8221; header_2_text_color=&#8221;#000000&#8243; header_2_font_size=&#8221;40px&#8221; global_colors_info=&#8221;{}&#8221;]<\/p>\n<h2><span style=\"font-size: 40px; text-transform: uppercase; font-weight: 100; color: #333;\">Nuestra<\/span> misi\u00f3n<\/h2>\n<p>[\/et_pb_text][et_pb_text _builder_version=&#8221;4.21.0&#8243; _module_preset=&#8221;default&#8221; text_font=&#8221;Nunito Sans||||||||&#8221; text_font_size=&#8221;16px&#8221; global_colors_info=&#8221;{}&#8221;]<\/p>\n<p><strong>Comercializar productos que cumplan con todos los requisitos, que apoyamos y en los que el consumidor puede confiar.<\/strong> En Aresca, la innovaci\u00f3n significa literalmente renovaci\u00f3n. Comercializando nuevas variedades de fruta y hortalizas que naturalmente intentamos integrarlas en nuestra oferta si los clientes lo desean.<\/p>\n<p>Adem\u00e1s, estamos fuertemente inspirados por el principio de responsabilidad social corporativa, al favorecer con nuestros proveedores una forma de colaboraci\u00f3n \u00e9tica a nivel social.<\/p>\n<p>Los productores y exportadores con los que trabajamos comparten estos valores.<\/p>\n<p>Es por este motivo que Aresca ser\u00e1 una de las empresas que tendr\u00e1n un sitio, en el \u00fanico y pionero mercado mayorista Ecol\u00f3gico de Barcelona.<\/p>\n<p>[\/et_pb_text][\/et_pb_column][et_pb_column type=&#8221;3_5&#8243; _builder_version=&#8221;4.17.1&#8243; _module_preset=&#8221;default&#8221; global_colors_info=&#8221;{}&#8221;][et_pb_image src=&#8221;https:\/\/aresca.eu\/wp-content\/uploads\/2022\/11\/misio.jpg&#8221; alt=&#8221;Mans ajuntant dos peces de puzles&#8221; title_text=&#8221;Mans ajuntant dos peces de puzles&#8221; align=&#8221;center&#8221; _builder_version=&#8221;4.21.0&#8243; _module_preset=&#8221;default&#8221; global_colors_info=&#8221;{}&#8221;][\/et_pb_image][\/et_pb_column][\/et_pb_row][\/et_pb_section][et_pb_section fb_built=&#8221;1&#8243; _builder_version=&#8221;4.17.1&#8243; _module_preset=&#8221;default&#8221; global_colors_info=&#8221;{}&#8221;][et_pb_row column_structure=&#8221;3_5,2_5&#8243; disabled_on=&#8221;off|off|off&#8221; _builder_version=&#8221;4.25.1&#8243; _module_preset=&#8221;default&#8221; max_width=&#8221;1300px&#8221; hover_enabled=&#8221;0&#8243; global_colors_info=&#8221;{}&#8221; sticky_enabled=&#8221;0&#8243; custom_css_main_element=&#8221;display: flex;||flex-wrap: wrap;&#8221;][et_pb_column type=&#8221;3_5&#8243; _builder_version=&#8221;4.25.1&#8243; _module_preset=&#8221;default&#8221; hover_enabled=&#8221;0&#8243; global_colors_info=&#8221;{}&#8221; custom_css_main_element_last_edited=&#8221;on|phone&#8221; sticky_enabled=&#8221;0&#8243; custom_css_main_element_phone=&#8221;order: 2;&#8221;][et_pb_image src=&#8221;https:\/\/aresca.eu\/wp-content\/uploads\/2023\/01\/grangera-amb-verdures-del-camp-scaled.jpeg&#8221; alt=&#8221;Grangera amb verdures del camp d&#8217;Aresca&#8221; title_text=&#8221;Grangera amb verdures del camp d&#8217;Aresca&#8221; align=&#8221;center&#8221; _builder_version=&#8221;4.25.1&#8243; _module_preset=&#8221;default&#8221; hover_enabled=&#8221;0&#8243; global_colors_info=&#8221;{}&#8221; custom_padding_last_edited=&#8221;on|phone&#8221; sticky_enabled=&#8221;0&#8243; custom_padding_phone=&#8221;35px||||false|false&#8221;][\/et_pb_image][\/et_pb_column][et_pb_column type=&#8221;2_5&#8243; _builder_version=&#8221;4.25.1&#8243; _module_preset=&#8221;default&#8221; hover_enabled=&#8221;0&#8243; global_colors_info=&#8221;{}&#8221; custom_css_main_element_last_edited=&#8221;on|phone&#8221; sticky_enabled=&#8221;0&#8243; custom_css_main_element_phone=&#8221;order: 1;&#8221;][et_pb_text _builder_version=&#8221;4.21.0&#8243; _module_preset=&#8221;default&#8221; header_font=&#8221;Raleway|800||on|||||&#8221; header_text_color=&#8221;#000000&#8243; header_font_size=&#8221;60px&#8221; header_2_font=&#8221;Raleway|800||on|||||&#8221; header_2_text_color=&#8221;#000000&#8243; header_2_font_size=&#8221;40px&#8221; global_colors_info=&#8221;{}&#8221;]<\/p>\n<h2><span style=\"font-size: 40px; text-transform: uppercase; font-weight: 100; color: #333;\">Nuestra<\/span> visi\u00f3n<\/h2>\n<p>[\/et_pb_text][et_pb_text _builder_version=&#8221;4.21.0&#8243; _module_preset=&#8221;default&#8221; text_font=&#8221;Nunito Sans||||||||&#8221; text_font_size=&#8221;16px&#8221; global_colors_info=&#8221;{}&#8221;]<\/p>\n<p><strong>Nuestra visi\u00f3n es ser el proveedor l\u00edder de frutas y hortalizas frescas y de alta calidad en el mercado nacional e internacional.<\/strong><\/p>\n<p>Nos esforzamos por ser reconocidos como proveedor fiable y de calidad superior que satisface las necesidades de nuestros clientes, y trabajamos en estrecha colaboraci\u00f3n con nuestros proveedores para asegurarnos de que ofrecemos productos de primera calidad en todo momento.<\/p>\n<p>[\/et_pb_text][\/et_pb_column][\/et_pb_row][\/et_pb_section][et_pb_section fb_built=&#8221;1&#8243; _builder_version=&#8221;4.17.1&#8243; _module_preset=&#8221;default&#8221; global_colors_info=&#8221;{}&#8221;][et_pb_row column_structure=&#8221;2_5,3_5&#8243; _builder_version=&#8221;4.21.0&#8243; _module_preset=&#8221;default&#8221; max_width=&#8221;1300px&#8221; global_colors_info=&#8221;{}&#8221;][et_pb_column type=&#8221;2_5&#8243; _builder_version=&#8221;4.17.1&#8243; _module_preset=&#8221;default&#8221; global_colors_info=&#8221;{}&#8221;][et_pb_text _builder_version=&#8221;4.21.0&#8243; _module_preset=&#8221;default&#8221; header_font=&#8221;Raleway|800||on|||||&#8221; header_text_color=&#8221;#000000&#8243; header_font_size=&#8221;60px&#8221; header_2_font=&#8221;Raleway|800||on|||||&#8221; header_2_text_color=&#8221;#000000&#8243; header_2_font_size=&#8221;40px&#8221; global_colors_info=&#8221;{}&#8221;]<\/p>\n<h2><span style=\"font-size: 40px; text-transform: uppercase; font-weight: 100; color: #333;\">Nuestros<\/span> valores<\/h2>\n<p>[\/et_pb_text][et_pb_text _builder_version=&#8221;4.21.0&#8243; _module_preset=&#8221;default&#8221; text_font=&#8221;Nunito Sans||||||||&#8221; text_font_size=&#8221;16px&#8221; global_colors_info=&#8221;{}&#8221;]<\/p>\n<p><strong>Nos regimos por los valores de calidad, innovaci\u00f3n, responsabilidad social corporativa, colaboraci\u00f3n y trabajo en equipo, confianza y satisfacci\u00f3n del cliente, liderazgo y excelencia.<\/strong><\/p>\n<p>Nos esforzamos por ofrecer un servicio excepcional y satisfacer las necesidades y expectativas de nuestros clientes en todo momento.<\/p>\n<p>Adem\u00e1s trabajamos en colaboraci\u00f3n con nuestros proveedores y promovemos una forma \u00e9tica y socialmente responsable de hacer negocios. \u00a1Ven a probar nuestros productos y descubre la diferencia Aresca!<\/p>\n<p>[\/et_pb_text][\/et_pb_column][et_pb_column type=&#8221;3_5&#8243; _builder_version=&#8221;4.17.1&#8243; _module_preset=&#8221;default&#8221; global_colors_info=&#8221;{}&#8221;][et_pb_image src=&#8221;https:\/\/aresca.eu\/wp-content\/uploads\/2023\/05\/noia-comprant-en-fruiteria-scaled.jpeg&#8221; alt=&#8221;Noia comprant a una fruiteria&#8221; title_text=&#8221;Noia comprant a una fruiteria&#8221; align=&#8221;center&#8221; _builder_version=&#8221;4.21.0&#8243; _module_preset=&#8221;default&#8221; global_colors_info=&#8221;{}&#8221;][\/et_pb_image][\/et_pb_column][\/et_pb_row][\/et_pb_section]<\/p>","protected":false},"excerpt":{"rendered":"<p>Som Aresca Descobreix els nostres or\u00edgensCom Aresca s&#8217;ha convertit en el que \u00e9s avuiAresca Fruits S.L., \u00e9s una empresa importadora i exportadora de fruites i hortalisses, compra i venda, comercialitzaci\u00f3, distribuci\u00f3 i representaci\u00f3 a l&#8217;engr\u00f2s, situada a Mercabarna, pertanyent al mercat central i les empreses hortofruct\u00edcoles de la ZAC, a Barcelona. Gr\u00e0cies a un subministrament [&hellip;]<\/p>","protected":false},"author":1,"featured_media":0,"parent":0,"menu_order":0,"comment_status":"closed","ping_status":"open","template":"","meta":{"_et_pb_use_builder":"on","_et_pb_old_content":"<!-- wp:divi\/placeholder \/-->","_et_gb_content_width":"","footnotes":""},"class_list":["post-62","page","type-page","status-publish","hentry"],"yoast_head":"<!-- This site is optimized with the Yoast SEO plugin v23.9 - https:\/\/yoast.com\/wordpress\/plugins\/seo\/ -->\n<title>Sobre nosaltres - Aresca Fruits<\/title>\n<meta name=\"description\" content=\"Compromesos amb l&#039;excel\u00b7l\u00e8ncia: Coneix la nostra hist\u00f2ria a Aresca Fruits i descobreix el nostre amor per les fruites i les verdures.\" \/>\n<meta name=\"robots\" content=\"index, follow, max-snippet:-1, max-image-preview:large, max-video-preview:-1\" \/>\n<link rel=\"canonical\" href=\"https:\/\/aresca.eu\/esp\/sobre-nosotros\/\" \/>\n<meta property=\"og:locale\" content=\"es_ES\" \/>\n<meta property=\"og:type\" content=\"article\" \/>\n<meta property=\"og:title\" content=\"Sobre nosaltres - Aresca Fruits\" \/>\n<meta property=\"og:description\" content=\"Compromesos amb l&#039;excel\u00b7l\u00e8ncia: Coneix la nostra hist\u00f2ria a Aresca Fruits i descobreix el nostre amor per les fruites i les verdures.\" \/>\n<meta property=\"og:url\" content=\"https:\/\/aresca.eu\/esp\/sobre-nosotros\/\" \/>\n<meta property=\"og:site_name\" content=\"Aresca Fruits\" \/>\n<meta property=\"article:publisher\" content=\"https:\/\/www.facebook.com\/profile.php?id=61550322404597\" \/>\n<meta property=\"article:modified_time\" content=\"2024-05-22T09:11:40+00:00\" \/>\n<meta name=\"twitter:card\" content=\"summary_large_image\" \/>\n<meta name=\"twitter:label1\" content=\"Tiempo de lectura\" \/>\n\t<meta name=\"twitter:data1\" content=\"5 minutos\" \/>\n<script type=\"application\/ld+json\" class=\"yoast-schema-graph\">{\"@context\":\"https:\/\/schema.org\",\"@graph\":[{\"@type\":\"WebPage\",\"@id\":\"https:\/\/aresca.eu\/sobre-nosaltres\/\",\"url\":\"https:\/\/aresca.eu\/sobre-nosaltres\/\",\"name\":\"Sobre nosaltres - Aresca Fruits\",\"isPartOf\":{\"@id\":\"https:\/\/aresca.eu\/#website\"},\"datePublished\":\"2022-11-10T12:03:16+00:00\",\"dateModified\":\"2024-05-22T09:11:40+00:00\",\"description\":\"Compromesos amb l'excel\u00b7l\u00e8ncia: Coneix la nostra hist\u00f2ria a Aresca Fruits i descobreix el nostre amor per les fruites i les verdures.\",\"breadcrumb\":{\"@id\":\"https:\/\/aresca.eu\/sobre-nosaltres\/#breadcrumb\"},\"inLanguage\":\"es\",\"potentialAction\":[{\"@type\":\"ReadAction\",\"target\":[\"https:\/\/aresca.eu\/sobre-nosaltres\/\"]}]},{\"@type\":\"BreadcrumbList\",\"@id\":\"https:\/\/aresca.eu\/sobre-nosaltres\/#breadcrumb\",\"itemListElement\":[{\"@type\":\"ListItem\",\"position\":1,\"name\":\"Inici\",\"item\":\"https:\/\/aresca.eu\/\"},{\"@type\":\"ListItem\",\"position\":2,\"name\":\"Sobre nosaltres\"}]},{\"@type\":\"WebSite\",\"@id\":\"https:\/\/aresca.eu\/#website\",\"url\":\"https:\/\/aresca.eu\/\",\"name\":\"Aresca Fruits\",\"description\":\"Fruita fresca i saludable\",\"publisher\":{\"@id\":\"https:\/\/aresca.eu\/#organization\"},\"potentialAction\":[{\"@type\":\"SearchAction\",\"target\":{\"@type\":\"EntryPoint\",\"urlTemplate\":\"https:\/\/aresca.eu\/?s={search_term_string}\"},\"query-input\":{\"@type\":\"PropertyValueSpecification\",\"valueRequired\":true,\"valueName\":\"search_term_string\"}}],\"inLanguage\":\"es\"},{\"@type\":\"Organization\",\"@id\":\"https:\/\/aresca.eu\/#organization\",\"name\":\"Aresca Fruits\",\"url\":\"https:\/\/aresca.eu\/\",\"logo\":{\"@type\":\"ImageObject\",\"inLanguage\":\"es\",\"@id\":\"https:\/\/aresca.eu\/#\/schema\/logo\/image\/\",\"url\":\"https:\/\/aresca.eu\/wp-content\/uploads\/2023\/08\/logo-aresca.png\",\"contentUrl\":\"https:\/\/aresca.eu\/wp-content\/uploads\/2023\/08\/logo-aresca.png\",\"width\":224,\"height\":200,\"caption\":\"Aresca Fruits\"},\"image\":{\"@id\":\"https:\/\/aresca.eu\/#\/schema\/logo\/image\/\"},\"sameAs\":[\"https:\/\/www.facebook.com\/profile.php?id=61550322404597\",\"https:\/\/www.instagram.com\/arescafruitss.l\/\"]}]}<\/script>\n<!-- \/ Yoast SEO plugin. -->","yoast_head_json":{"title":"Sobre nosaltres - Aresca Fruits","description":"Compromesos amb l'excel\u00b7l\u00e8ncia: Coneix la nostra hist\u00f2ria a Aresca Fruits i descobreix el nostre amor per les fruites i les verdures.","robots":{"index":"index","follow":"follow","max-snippet":"max-snippet:-1","max-image-preview":"max-image-preview:large","max-video-preview":"max-video-preview:-1"},"canonical":"https:\/\/aresca.eu\/esp\/sobre-nosotros\/","og_locale":"es_ES","og_type":"article","og_title":"Sobre nosaltres - Aresca Fruits","og_description":"Compromesos amb l'excel\u00b7l\u00e8ncia: Coneix la nostra hist\u00f2ria a Aresca Fruits i descobreix el nostre amor per les fruites i les verdures.","og_url":"https:\/\/aresca.eu\/esp\/sobre-nosotros\/","og_site_name":"Aresca Fruits","article_publisher":"https:\/\/www.facebook.com\/profile.php?id=61550322404597","article_modified_time":"2024-05-22T09:11:40+00:00","twitter_card":"summary_large_image","twitter_misc":{"Tiempo de lectura":"5 minutos"},"schema":{"@context":"https:\/\/schema.org","@graph":[{"@type":"WebPage","@id":"https:\/\/aresca.eu\/sobre-nosaltres\/","url":"https:\/\/aresca.eu\/sobre-nosaltres\/","name":"Sobre nosaltres - Aresca Fruits","isPartOf":{"@id":"https:\/\/aresca.eu\/#website"},"datePublished":"2022-11-10T12:03:16+00:00","dateModified":"2024-05-22T09:11:40+00:00","description":"Compromesos amb l'excel\u00b7l\u00e8ncia: Coneix la nostra hist\u00f2ria a Aresca Fruits i descobreix el nostre amor per les fruites i les verdures.","breadcrumb":{"@id":"https:\/\/aresca.eu\/sobre-nosaltres\/#breadcrumb"},"inLanguage":"es","potentialAction":[{"@type":"ReadAction","target":["https:\/\/aresca.eu\/sobre-nosaltres\/"]}]},{"@type":"BreadcrumbList","@id":"https:\/\/aresca.eu\/sobre-nosaltres\/#breadcrumb","itemListElement":[{"@type":"ListItem","position":1,"name":"Inici","item":"https:\/\/aresca.eu\/"},{"@type":"ListItem","position":2,"name":"Sobre nosaltres"}]},{"@type":"WebSite","@id":"https:\/\/aresca.eu\/#website","url":"https:\/\/aresca.eu\/","name":"Aresca Fruits","description":"Fruita fresca i saludable","publisher":{"@id":"https:\/\/aresca.eu\/#organization"},"potentialAction":[{"@type":"SearchAction","target":{"@type":"EntryPoint","urlTemplate":"https:\/\/aresca.eu\/?s={search_term_string}"},"query-input":{"@type":"PropertyValueSpecification","valueRequired":true,"valueName":"search_term_string"}}],"inLanguage":"es"},{"@type":"Organization","@id":"https:\/\/aresca.eu\/#organization","name":"Aresca Fruits","url":"https:\/\/aresca.eu\/","logo":{"@type":"ImageObject","inLanguage":"es","@id":"https:\/\/aresca.eu\/#\/schema\/logo\/image\/","url":"https:\/\/aresca.eu\/wp-content\/uploads\/2023\/08\/logo-aresca.png","contentUrl":"https:\/\/aresca.eu\/wp-content\/uploads\/2023\/08\/logo-aresca.png","width":224,"height":200,"caption":"Aresca Fruits"},"image":{"@id":"https:\/\/aresca.eu\/#\/schema\/logo\/image\/"},"sameAs":["https:\/\/www.facebook.com\/profile.php?id=61550322404597","https:\/\/www.instagram.com\/arescafruitss.l\/"]}]}},"_links":{"self":[{"href":"https:\/\/aresca.eu\/esp\/wp-json\/wp\/v2\/pages\/62","targetHints":{"allow":["GET"]}}],"collection":[{"href":"https:\/\/aresca.eu\/esp\/wp-json\/wp\/v2\/pages"}],"about":[{"href":"https:\/\/aresca.eu\/esp\/wp-json\/wp\/v2\/types\/page"}],"author":[{"embeddable":true,"href":"https:\/\/aresca.eu\/esp\/wp-json\/wp\/v2\/users\/1"}],"replies":[{"embeddable":true,"href":"https:\/\/aresca.eu\/esp\/wp-json\/wp\/v2\/comments?post=62"}],"version-history":[{"count":47,"href":"https:\/\/aresca.eu\/esp\/wp-json\/wp\/v2\/pages\/62\/revisions"}],"predecessor-version":[{"id":1756,"href":"https:\/\/aresca.eu\/esp\/wp-json\/wp\/v2\/pages\/62\/revisions\/1756"}],"wp:attachment":[{"href":"https:\/\/aresca.eu\/esp\/wp-json\/wp\/v2\/media?parent=62"}],"curies":[{"name":"wp","href":"https:\/\/api.w.org\/{rel}","templated":true}]}}